{"id":95087,"date":"2025-03-07T08:27:37","date_gmt":"2025-03-07T07:27:37","guid":{"rendered":"https:\/\/labequip.clientprojects.org\/produkt\/labinco-l295-solubility-index-mixer\/"},"modified":"2025-03-07T08:27:38","modified_gmt":"2025-03-07T07:27:38","slug":"labinco-l295-solubility-index-mixer","status":"publish","type":"product","link":"https:\/\/www.labequip.de\/en\/produkt\/labinco-l295-solubility-index-mixer\/","title":{"rendered":"LABINCO L295 Solubility Index Mixer"},"content":{"rendered":"<p><strong>Model L-295<\/strong><\/p>\n<ul>\n<li>Solubility Index Mixer is an precision mixer for use primarily in determining the solubility of dry milk powder.<\/li>\n<li>Specified by the American Dry-Milk Institute in standard method no: B 911 and no: B 913 (and DLG-Pr\u00fcfungsbestimmungen f\u00fcr Milch and Milch-Erze\u00fcgnisse 1965, page 43).<\/li>\n<li>Strong motor and digital timer<\/li>\n<li>Special glass jar included ( Art.nr.29600 )<\/li>\n<\/ul>\n","protected":false},"excerpt":{"rendered":"<ul>\n<li>Solubility Index Mixer is an precision mixer for use primarily in determining the solubility of dry milk powder.<\/li>\n<li>Specified by the American Dry-Milk Institute in standard method no: B 911 and no: B 913 (and DLG-Pr\u00fcfungsbestimmungen f\u00fcr Milch and Milch-Erze\u00fcgnisse 1965, page 43).<\/li>\n<li>Strong motor and digital timer<\/li>\n<li>Dimensions (WxDxH) 250 x 260 x 380 mm<\/li>\n<li>Weight 11.2 kg<\/li>\n<li>Art.nr.29500 (230V) 29510 (115V)<\/li>\n<li>Special glass jar included ( Art.nr.29600 )<\/li>\n<\/ul>\n","protected":false},"featured_media":95088,"template":"","meta":{"_acf_changed":false},"product_brand":[],"product_cat":[259],"product_tag":[],"class_list":{"0":"post-95087","1":"product","2":"type-product","3":"status-publish","4":"has-post-thumbnail","6":"product_cat-loeslichkeitsindexmischer","8":"first","9":"instock","10":"taxable","11":"shipping-taxable","12":"product-type-simple"},"acf":[],"_links":{"self":[{"href":"https:\/\/www.labequip.de\/en\/wp-json\/wp\/v2\/product\/95087","targetHints":{"allow":["GET"]}}],"collection":[{"href":"https:\/\/www.labequip.de\/en\/wp-json\/wp\/v2\/product"}],"about":[{"href":"https:\/\/www.labequip.de\/en\/wp-json\/wp\/v2\/types\/product"}],"wp:featuredmedia":[{"embeddable":true,"href":"https:\/\/www.labequip.de\/en\/wp-json\/wp\/v2\/media\/95088"}],"wp:attachment":[{"href":"https:\/\/www.labequip.de\/en\/wp-json\/wp\/v2\/media?parent=95087"}],"wp:term":[{"taxonomy":"product_brand","embeddable":true,"href":"https:\/\/www.labequip.de\/en\/wp-json\/wp\/v2\/product_brand?post=95087"},{"taxonomy":"product_cat","embeddable":true,"href":"https:\/\/www.labequip.de\/en\/wp-json\/wp\/v2\/product_cat?post=95087"},{"taxonomy":"product_tag","embeddable":true,"href":"https:\/\/www.labequip.de\/en\/wp-json\/wp\/v2\/product_tag?post=95087"}],"curies":[{"name":"wp","href":"https:\/\/api.w.org\/{rel}","templated":true}]}}